{"id":49,"date":"2023-10-20T17:19:30","date_gmt":"2023-10-20T15:19:30","guid":{"rendered":"https:\/\/g2topografia.eus\/?page_id=49"},"modified":"2024-12-17T12:15:57","modified_gmt":"2024-12-17T10:15:57","slug":"politica-de-cookies","status":"publish","type":"page","link":"https:\/\/g2topografia.eus\/es\/politica-de-cookies\/","title":{"rendered":"Pol\u00edtica de cookies"},"content":{"rendered":"<section>\n<div class=\"container\">\n<p>Cookie es un fichero que se descarga en su ordenador al acceder a determinadas p\u00e1ginas web. Las cookies permiten a una p\u00e1gina web, entre otras cosas, almacenar y recuperar informaci\u00f3n sobre los h\u00e1bitos de navegaci\u00f3n de un usuario o de su equipo y, dependiendo de la informaci\u00f3n que contengan y de la forma en que utilice su equipo, pueden utilizarse para reconocer al usuario. El navegador del usuario memoriza cookies en el disco duro solamente durante la sesi\u00f3n actual ocupando un espacio de memoria m\u00ednimo y no perjudicando al ordenador. Las cookies no contienen ninguna clase de informaci\u00f3n personal espec\u00edfica, y la mayor\u00eda de las mismas se borran del disco duro al finalizar la sesi\u00f3n de navegador (las denominadas cookies de sesi\u00f3n).<\/p>\n<p>La mayor\u00eda de los navegadores aceptan como est\u00e1ndar a las cookies y, con independencia de las mismas, permiten o impiden en los ajustes de seguridad las cookies temporales o memorizadas.<\/p>\n<p><strong>Las cookies que utilizamos en nuestra web<\/strong><\/p>\n<p>Utilizamos estas cookies:<\/p>\n<p>[wcc_category_list]<\/p>\n<p>\u00a0<\/p>\n<\/div>\n<\/section>\n","protected":false},"excerpt":{"rendered":"<p>Cookie es un fichero que se descarga en su ordenador al acceder a determinadas p\u00e1ginas web. Las cookies permiten a una p\u00e1gina web, entre otras cosas, almacenar y recuperar informaci\u00f3n sobre los h\u00e1bitos de navegaci\u00f3n de un usuario o de su equipo y, dependiendo de la informaci\u00f3n que contengan y de la forma en que [&hellip;]<\/p>\n","protected":false},"author":1,"featured_media":0,"parent":0,"menu_order":0,"comment_status":"closed","ping_status":"closed","template":"template-legala.php","meta":{"_acf_changed":false,"footnotes":""},"class_list":["post-49","page","type-page","status-publish","hentry"],"acf":[],"yoast_head":"<!-- This site is optimized with the Yoast SEO plugin v24.0 - https:\/\/yoast.com\/wordpress\/plugins\/seo\/ -->\n<title>Pol\u00edtica de cookies | g2topografia<\/title>\n<meta name=\"robots\" content=\"noindex, nofollow\" \/>\n<meta property=\"og:locale\" content=\"es_ES\" \/>\n<meta property=\"og:type\" content=\"article\" \/>\n<meta property=\"og:title\" content=\"Pol\u00edtica de cookies | g2topografia\" \/>\n<meta property=\"og:description\" content=\"Cookie es un fichero que se descarga en su ordenador al acceder a determinadas p\u00e1ginas web. Las cookies permiten a una p\u00e1gina web, entre otras cosas, almacenar y recuperar informaci\u00f3n sobre los h\u00e1bitos de navegaci\u00f3n de un usuario o de su equipo y, dependiendo de la informaci\u00f3n que contengan y de la forma en que [&hellip;]\" \/>\n<meta property=\"og:url\" content=\"https:\/\/g2topografia.eus\/es\/politica-de-cookies\/\" \/>\n<meta property=\"og:site_name\" content=\"g2topografia\" \/>\n<meta property=\"article:modified_time\" content=\"2024-12-17T10:15:57+00:00\" \/>\n<meta name=\"twitter:card\" content=\"summary_large_image\" \/>\n<meta name=\"twitter:label1\" content=\"Tiempo de lectura\" \/>\n\t<meta name=\"twitter:data1\" content=\"1 minuto\" \/>\n<script type=\"application\/ld+json\" class=\"yoast-schema-graph\">{\"@context\":\"https:\/\/schema.org\",\"@graph\":[{\"@type\":\"WebPage\",\"@id\":\"https:\/\/g2topografia.eus\/es\/politica-de-cookies\/\",\"url\":\"https:\/\/g2topografia.eus\/es\/politica-de-cookies\/\",\"name\":\"Pol\u00edtica de cookies | g2topografia\",\"isPartOf\":{\"@id\":\"https:\/\/g2topografia.eus\/es\/#website\"},\"datePublished\":\"2023-10-20T15:19:30+00:00\",\"dateModified\":\"2024-12-17T10:15:57+00:00\",\"breadcrumb\":{\"@id\":\"https:\/\/g2topografia.eus\/es\/politica-de-cookies\/#breadcrumb\"},\"inLanguage\":\"es\",\"potentialAction\":[{\"@type\":\"ReadAction\",\"target\":[\"https:\/\/g2topografia.eus\/es\/politica-de-cookies\/\"]}]},{\"@type\":\"BreadcrumbList\",\"@id\":\"https:\/\/g2topografia.eus\/es\/politica-de-cookies\/#breadcrumb\",\"itemListElement\":[{\"@type\":\"ListItem\",\"position\":1,\"name\":\"Home\",\"item\":\"https:\/\/g2topografia.eus\/es\/\"},{\"@type\":\"ListItem\",\"position\":2,\"name\":\"Pol\u00edtica de cookies\"}]},{\"@type\":\"WebSite\",\"@id\":\"https:\/\/g2topografia.eus\/es\/#website\",\"url\":\"https:\/\/g2topografia.eus\/es\/\",\"name\":\"g2topografia\",\"description\":\"Topograf\u00eda de excelencia en Euskadi\",\"publisher\":{\"@id\":\"https:\/\/g2topografia.eus\/es\/#organization\"},\"potentialAction\":[{\"@type\":\"SearchAction\",\"target\":{\"@type\":\"EntryPoint\",\"urlTemplate\":\"https:\/\/g2topografia.eus\/es\/?s={search_term_string}\"},\"query-input\":{\"@type\":\"PropertyValueSpecification\",\"valueRequired\":true,\"valueName\":\"search_term_string\"}}],\"inLanguage\":\"es\"},{\"@type\":\"Organization\",\"@id\":\"https:\/\/g2topografia.eus\/es\/#organization\",\"name\":\"g2topografia\",\"url\":\"https:\/\/g2topografia.eus\/es\/\",\"logo\":{\"@type\":\"ImageObject\",\"inLanguage\":\"es\",\"@id\":\"https:\/\/g2topografia.eus\/es\/#\/schema\/logo\/image\/\",\"url\":\"https:\/\/g2topografia.eus\/wp-content\/uploads\/2023\/10\/Logo-G2.png\",\"contentUrl\":\"https:\/\/g2topografia.eus\/wp-content\/uploads\/2023\/10\/Logo-G2.png\",\"width\":276,\"height\":281,\"caption\":\"g2topografia\"},\"image\":{\"@id\":\"https:\/\/g2topografia.eus\/es\/#\/schema\/logo\/image\/\"}}]}<\/script>\n<!-- \/ Yoast SEO plugin. -->","yoast_head_json":{"title":"Pol\u00edtica de cookies | g2topografia","robots":{"index":"noindex","follow":"nofollow"},"og_locale":"es_ES","og_type":"article","og_title":"Pol\u00edtica de cookies | g2topografia","og_description":"Cookie es un fichero que se descarga en su ordenador al acceder a determinadas p\u00e1ginas web. Las cookies permiten a una p\u00e1gina web, entre otras cosas, almacenar y recuperar informaci\u00f3n sobre los h\u00e1bitos de navegaci\u00f3n de un usuario o de su equipo y, dependiendo de la informaci\u00f3n que contengan y de la forma en que [&hellip;]","og_url":"https:\/\/g2topografia.eus\/es\/politica-de-cookies\/","og_site_name":"g2topografia","article_modified_time":"2024-12-17T10:15:57+00:00","twitter_card":"summary_large_image","twitter_misc":{"Tiempo de lectura":"1 minuto"},"schema":{"@context":"https:\/\/schema.org","@graph":[{"@type":"WebPage","@id":"https:\/\/g2topografia.eus\/es\/politica-de-cookies\/","url":"https:\/\/g2topografia.eus\/es\/politica-de-cookies\/","name":"Pol\u00edtica de cookies | g2topografia","isPartOf":{"@id":"https:\/\/g2topografia.eus\/es\/#website"},"datePublished":"2023-10-20T15:19:30+00:00","dateModified":"2024-12-17T10:15:57+00:00","breadcrumb":{"@id":"https:\/\/g2topografia.eus\/es\/politica-de-cookies\/#breadcrumb"},"inLanguage":"es","potentialAction":[{"@type":"ReadAction","target":["https:\/\/g2topografia.eus\/es\/politica-de-cookies\/"]}]},{"@type":"BreadcrumbList","@id":"https:\/\/g2topografia.eus\/es\/politica-de-cookies\/#breadcrumb","itemListElement":[{"@type":"ListItem","position":1,"name":"Home","item":"https:\/\/g2topografia.eus\/es\/"},{"@type":"ListItem","position":2,"name":"Pol\u00edtica de cookies"}]},{"@type":"WebSite","@id":"https:\/\/g2topografia.eus\/es\/#website","url":"https:\/\/g2topografia.eus\/es\/","name":"g2topografia","description":"Topograf\u00eda de excelencia en Euskadi","publisher":{"@id":"https:\/\/g2topografia.eus\/es\/#organization"},"potentialAction":[{"@type":"SearchAction","target":{"@type":"EntryPoint","urlTemplate":"https:\/\/g2topografia.eus\/es\/?s={search_term_string}"},"query-input":{"@type":"PropertyValueSpecification","valueRequired":true,"valueName":"search_term_string"}}],"inLanguage":"es"},{"@type":"Organization","@id":"https:\/\/g2topografia.eus\/es\/#organization","name":"g2topografia","url":"https:\/\/g2topografia.eus\/es\/","logo":{"@type":"ImageObject","inLanguage":"es","@id":"https:\/\/g2topografia.eus\/es\/#\/schema\/logo\/image\/","url":"https:\/\/g2topografia.eus\/wp-content\/uploads\/2023\/10\/Logo-G2.png","contentUrl":"https:\/\/g2topografia.eus\/wp-content\/uploads\/2023\/10\/Logo-G2.png","width":276,"height":281,"caption":"g2topografia"},"image":{"@id":"https:\/\/g2topografia.eus\/es\/#\/schema\/logo\/image\/"}}]}},"_links":{"self":[{"href":"https:\/\/g2topografia.eus\/es\/wp-json\/wp\/v2\/pages\/49","targetHints":{"allow":["GET"]}}],"collection":[{"href":"https:\/\/g2topografia.eus\/es\/wp-json\/wp\/v2\/pages"}],"about":[{"href":"https:\/\/g2topografia.eus\/es\/wp-json\/wp\/v2\/types\/page"}],"author":[{"embeddable":true,"href":"https:\/\/g2topografia.eus\/es\/wp-json\/wp\/v2\/users\/1"}],"replies":[{"embeddable":true,"href":"https:\/\/g2topografia.eus\/es\/wp-json\/wp\/v2\/comments?post=49"}],"version-history":[{"count":2,"href":"https:\/\/g2topografia.eus\/es\/wp-json\/wp\/v2\/pages\/49\/revisions"}],"predecessor-version":[{"id":191,"href":"https:\/\/g2topografia.eus\/es\/wp-json\/wp\/v2\/pages\/49\/revisions\/191"}],"wp:attachment":[{"href":"https:\/\/g2topografia.eus\/es\/wp-json\/wp\/v2\/media?parent=49"}],"curies":[{"name":"wp","href":"https:\/\/api.w.org\/{rel}","templated":true}]}}