{"id":59,"date":"2023-10-05T17:34:55","date_gmt":"2023-10-05T15:34:55","guid":{"rendered":"https:\/\/g2topografia.eus\/?page_id=59"},"modified":"2024-03-15T11:23:23","modified_gmt":"2024-03-15T09:23:23","slug":"g2-topografia","status":"publish","type":"page","link":"https:\/\/g2topografia.eus\/es\/","title":{"rendered":"G2 Topografia"},"content":{"rendered":"<p>Con a\u00f1os de experiencia en la medici\u00f3n precisa, planificaci\u00f3n detallada y tr\u00e1mites legales, G2 topograf\u00eda te ofrece soluciones personalizadas para dividir terrenos de manera efectiva y cumplir con todas las regulaciones locales.<\/p>\n","protected":false},"excerpt":{"rendered":"<p>Con a\u00f1os de experiencia en la medici\u00f3n precisa, planificaci\u00f3n detallada y tr\u00e1mites legales, G2 topograf\u00eda te ofrece soluciones personalizadas para dividir terrenos de manera efectiva y cumplir con todas las regulaciones locales.<\/p>\n","protected":false},"author":1,"featured_media":0,"parent":0,"menu_order":0,"comment_status":"closed","ping_status":"closed","template":"template-homepage.php","meta":{"_acf_changed":false,"footnotes":""},"class_list":["post-59","page","type-page","status-publish","hentry"],"acf":[],"yoast_head":"<!-- This site is optimized with the Yoast SEO plugin v24.0 - https:\/\/yoast.com\/wordpress\/plugins\/seo\/ -->\n<title>g2topografia| reparcelaciones, segregaciones y deslindes<\/title>\n<meta name=\"description\" content=\"G2 Topograf\u00eda 20 a\u00f1os de experiencia en el \u00e1mbito de la topograf\u00eda en el Pa\u00eds Vasco. Reparcelaciones, segregaciones y actas de deslinde.\" \/>\n<meta name=\"robots\" content=\"index, follow, max-snippet:-1, max-image-preview:large, max-video-preview:-1\" \/>\n<link rel=\"canonical\" href=\"https:\/\/g2topografia.eus\/es\/\" \/>\n<meta property=\"og:locale\" content=\"es_ES\" \/>\n<meta property=\"og:type\" content=\"article\" \/>\n<meta property=\"og:title\" content=\"g2topografia| reparcelaciones, segregaciones y deslindes\" \/>\n<meta property=\"og:description\" content=\"G2 Topograf\u00eda 20 a\u00f1os de experiencia en el \u00e1mbito de la topograf\u00eda en el Pa\u00eds Vasco. Reparcelaciones, segregaciones y actas de deslinde.\" \/>\n<meta property=\"og:url\" content=\"https:\/\/g2topografia.eus\/es\/\" \/>\n<meta property=\"og:site_name\" content=\"g2topografia\" \/>\n<meta property=\"article:modified_time\" content=\"2024-03-15T09:23:23+00:00\" \/>\n<meta name=\"twitter:card\" content=\"summary_large_image\" \/>\n<meta name=\"twitter:label1\" content=\"Tiempo de lectura\" \/>\n\t<meta name=\"twitter:data1\" content=\"1 minuto\" \/>\n<script type=\"application\/ld+json\" class=\"yoast-schema-graph\">{\"@context\":\"https:\/\/schema.org\",\"@graph\":[{\"@type\":\"WebPage\",\"@id\":\"https:\/\/g2topografia.eus\/es\/\",\"url\":\"https:\/\/g2topografia.eus\/es\/\",\"name\":\"g2topografia| reparcelaciones, segregaciones y deslindes\",\"isPartOf\":{\"@id\":\"https:\/\/g2topografia.eus\/es\/#website\"},\"datePublished\":\"2023-10-05T15:34:55+00:00\",\"dateModified\":\"2024-03-15T09:23:23+00:00\",\"description\":\"G2 Topograf\u00eda 20 a\u00f1os de experiencia en el \u00e1mbito de la topograf\u00eda en el Pa\u00eds Vasco. Reparcelaciones, segregaciones y actas de deslinde.\",\"breadcrumb\":{\"@id\":\"https:\/\/g2topografia.eus\/es\/#breadcrumb\"},\"inLanguage\":\"es\",\"potentialAction\":[{\"@type\":\"ReadAction\",\"target\":[\"https:\/\/g2topografia.eus\/es\/\"]}]},{\"@type\":\"BreadcrumbList\",\"@id\":\"https:\/\/g2topografia.eus\/es\/#breadcrumb\",\"itemListElement\":[{\"@type\":\"ListItem\",\"position\":1,\"name\":\"Home\",\"item\":\"https:\/\/g2topografia.eus\/es\/\"},{\"@type\":\"ListItem\",\"position\":2,\"name\":\"G2 Topografia\"}]},{\"@type\":\"WebSite\",\"@id\":\"https:\/\/g2topografia.eus\/es\/#website\",\"url\":\"https:\/\/g2topografia.eus\/es\/\",\"name\":\"g2topografia\",\"description\":\"Topograf\u00eda de excelencia en Euskadi\",\"publisher\":{\"@id\":\"https:\/\/g2topografia.eus\/es\/#organization\"},\"potentialAction\":[{\"@type\":\"SearchAction\",\"target\":{\"@type\":\"EntryPoint\",\"urlTemplate\":\"https:\/\/g2topografia.eus\/es\/?s={search_term_string}\"},\"query-input\":{\"@type\":\"PropertyValueSpecification\",\"valueRequired\":true,\"valueName\":\"search_term_string\"}}],\"inLanguage\":\"es\"},{\"@type\":\"Organization\",\"@id\":\"https:\/\/g2topografia.eus\/es\/#organization\",\"name\":\"g2topografia\",\"url\":\"https:\/\/g2topografia.eus\/es\/\",\"logo\":{\"@type\":\"ImageObject\",\"inLanguage\":\"es\",\"@id\":\"https:\/\/g2topografia.eus\/es\/#\/schema\/logo\/image\/\",\"url\":\"https:\/\/g2topografia.eus\/wp-content\/uploads\/2023\/10\/Logo-G2.png\",\"contentUrl\":\"https:\/\/g2topografia.eus\/wp-content\/uploads\/2023\/10\/Logo-G2.png\",\"width\":276,\"height\":281,\"caption\":\"g2topografia\"},\"image\":{\"@id\":\"https:\/\/g2topografia.eus\/es\/#\/schema\/logo\/image\/\"}}]}<\/script>\n<!-- \/ Yoast SEO plugin. -->","yoast_head_json":{"title":"g2topografia| reparcelaciones, segregaciones y deslindes","description":"G2 Topograf\u00eda 20 a\u00f1os de experiencia en el \u00e1mbito de la topograf\u00eda en el Pa\u00eds Vasco. Reparcelaciones, segregaciones y actas de deslinde.","robots":{"index":"index","follow":"follow","max-snippet":"max-snippet:-1","max-image-preview":"max-image-preview:large","max-video-preview":"max-video-preview:-1"},"canonical":"https:\/\/g2topografia.eus\/es\/","og_locale":"es_ES","og_type":"article","og_title":"g2topografia| reparcelaciones, segregaciones y deslindes","og_description":"G2 Topograf\u00eda 20 a\u00f1os de experiencia en el \u00e1mbito de la topograf\u00eda en el Pa\u00eds Vasco. Reparcelaciones, segregaciones y actas de deslinde.","og_url":"https:\/\/g2topografia.eus\/es\/","og_site_name":"g2topografia","article_modified_time":"2024-03-15T09:23:23+00:00","twitter_card":"summary_large_image","twitter_misc":{"Tiempo de lectura":"1 minuto"},"schema":{"@context":"https:\/\/schema.org","@graph":[{"@type":"WebPage","@id":"https:\/\/g2topografia.eus\/es\/","url":"https:\/\/g2topografia.eus\/es\/","name":"g2topografia| reparcelaciones, segregaciones y deslindes","isPartOf":{"@id":"https:\/\/g2topografia.eus\/es\/#website"},"datePublished":"2023-10-05T15:34:55+00:00","dateModified":"2024-03-15T09:23:23+00:00","description":"G2 Topograf\u00eda 20 a\u00f1os de experiencia en el \u00e1mbito de la topograf\u00eda en el Pa\u00eds Vasco. Reparcelaciones, segregaciones y actas de deslinde.","breadcrumb":{"@id":"https:\/\/g2topografia.eus\/es\/#breadcrumb"},"inLanguage":"es","potentialAction":[{"@type":"ReadAction","target":["https:\/\/g2topografia.eus\/es\/"]}]},{"@type":"BreadcrumbList","@id":"https:\/\/g2topografia.eus\/es\/#breadcrumb","itemListElement":[{"@type":"ListItem","position":1,"name":"Home","item":"https:\/\/g2topografia.eus\/es\/"},{"@type":"ListItem","position":2,"name":"G2 Topografia"}]},{"@type":"WebSite","@id":"https:\/\/g2topografia.eus\/es\/#website","url":"https:\/\/g2topografia.eus\/es\/","name":"g2topografia","description":"Topograf\u00eda de excelencia en Euskadi","publisher":{"@id":"https:\/\/g2topografia.eus\/es\/#organization"},"potentialAction":[{"@type":"SearchAction","target":{"@type":"EntryPoint","urlTemplate":"https:\/\/g2topografia.eus\/es\/?s={search_term_string}"},"query-input":{"@type":"PropertyValueSpecification","valueRequired":true,"valueName":"search_term_string"}}],"inLanguage":"es"},{"@type":"Organization","@id":"https:\/\/g2topografia.eus\/es\/#organization","name":"g2topografia","url":"https:\/\/g2topografia.eus\/es\/","logo":{"@type":"ImageObject","inLanguage":"es","@id":"https:\/\/g2topografia.eus\/es\/#\/schema\/logo\/image\/","url":"https:\/\/g2topografia.eus\/wp-content\/uploads\/2023\/10\/Logo-G2.png","contentUrl":"https:\/\/g2topografia.eus\/wp-content\/uploads\/2023\/10\/Logo-G2.png","width":276,"height":281,"caption":"g2topografia"},"image":{"@id":"https:\/\/g2topografia.eus\/es\/#\/schema\/logo\/image\/"}}]}},"_links":{"self":[{"href":"https:\/\/g2topografia.eus\/es\/wp-json\/wp\/v2\/pages\/59","targetHints":{"allow":["GET"]}}],"collection":[{"href":"https:\/\/g2topografia.eus\/es\/wp-json\/wp\/v2\/pages"}],"about":[{"href":"https:\/\/g2topografia.eus\/es\/wp-json\/wp\/v2\/types\/page"}],"author":[{"embeddable":true,"href":"https:\/\/g2topografia.eus\/es\/wp-json\/wp\/v2\/users\/1"}],"replies":[{"embeddable":true,"href":"https:\/\/g2topografia.eus\/es\/wp-json\/wp\/v2\/comments?post=59"}],"version-history":[{"count":7,"href":"https:\/\/g2topografia.eus\/es\/wp-json\/wp\/v2\/pages\/59\/revisions"}],"predecessor-version":[{"id":182,"href":"https:\/\/g2topografia.eus\/es\/wp-json\/wp\/v2\/pages\/59\/revisions\/182"}],"wp:attachment":[{"href":"https:\/\/g2topografia.eus\/es\/wp-json\/wp\/v2\/media?parent=59"}],"curies":[{"name":"wp","href":"https:\/\/api.w.org\/{rel}","templated":true}]}}